{"id":1195,"date":"2021-10-18T16:11:43","date_gmt":"2021-10-18T16:11:43","guid":{"rendered":"https:\/\/ipr.ind.br\/site\/?page_id=1195"},"modified":"2022-04-12T19:55:38","modified_gmt":"2022-04-12T19:55:38","slug":"trabalhe-conosco","status":"publish","type":"page","link":"https:\/\/ipr.ind.br\/site\/trabalhe-conosco\/","title":{"rendered":"Trabalhe Conosco"},"content":{"rendered":"\t\t<div data-elementor-type=\"wp-page\" data-elementor-id=\"1195\" class=\"elementor elementor-1195\" data-elementor-settings=\"{&quot;ha_cmc_init_switcher&quot;:&quot;no&quot;}\">\n\t\t\t\t\t\t<section class=\"elementor-section elementor-top-section elementor-element elementor-element-3ea976f0 elementor-section-full_width elementor-section-height-default elementor-section-height-default\" data-id=\"3ea976f0\" data-element_type=\"section\" data-settings=\"{&quot;background_background&quot;:&quot;gradient&quot;,&quot;shape_divider_bottom&quot;:&quot;opacity-tilt&quot;,&quot;_ha_eqh_enable&quot;:false}\">\n\t\t\t\t\t<div class=\"elementor-shape elementor-shape-bottom\" aria-hidden=\"true\" data-negative=\"false\">\n\t\t\t<svg xmlns=\"http:\/\/www.w3.org\/2000\/svg\" viewBox=\"0 0 2600 131.1\" preserveAspectRatio=\"none\">\n\t<path class=\"elementor-shape-fill\" d=\"M0 0L2600 0 2600 69.1 0 0z\"\/>\n\t<path class=\"elementor-shape-fill\" style=\"opacity:0.5\" d=\"M0 0L2600 0 2600 69.1 0 69.1z\"\/>\n\t<path class=\"elementor-shape-fill\" style=\"opacity:0.25\" d=\"M2600 0L0 0 0 130.1 2600 69.1z\"\/>\n<\/svg>\t\t<\/div>\n\t\t\t\t\t<div class=\"elementor-container elementor-column-gap-default\">\n\t\t\t\t\t<div class=\"elementor-column elementor-col-100 elementor-top-column elementor-element elementor-element-2dfa4c84\" data-id=\"2dfa4c84\" data-element_type=\"column\">\n\t\t\t<div class=\"elementor-widget-wrap\">\n\t\t\t\t\t\t\t<\/div>\n\t\t<\/div>\n\t\t\t\t\t<\/div>\n\t\t<\/section>\n\t\t\t\t<section class=\"elementor-section elementor-top-section elementor-element elementor-element-f1cb072 elementor-section-boxed elementor-section-height-default elementor-section-height-default\" data-id=\"f1cb072\" data-element_type=\"section\" data-settings=\"{&quot;_ha_eqh_enable&quot;:false}\">\n\t\t\t\t\t\t<div class=\"elementor-container elementor-column-gap-default\">\n\t\t\t\t\t<div class=\"elementor-column elementor-col-100 elementor-top-column elementor-element elementor-element-806cc6d\" data-id=\"806cc6d\" data-element_type=\"column\">\n\t\t\t<div class=\"elementor-widget-wrap elementor-element-populated\">\n\t\t\t\t\t\t<div class=\"elementor-element elementor-element-60ec582 elementor-widget elementor-widget-heading\" data-id=\"60ec582\" data-element_type=\"widget\" data-widget_type=\"heading.default\">\n\t\t\t\t<div class=\"elementor-widget-container\">\n\t\t\t\t\t<h2 class=\"elementor-heading-title elementor-size-default\">Fa\u00e7a parte do time da IPR!<\/h2>\t\t\t\t<\/div>\n\t\t\t\t<\/div>\n\t\t\t\t\t<\/div>\n\t\t<\/div>\n\t\t\t\t\t<\/div>\n\t\t<\/section>\n\t\t\t\t<section class=\"elementor-section elementor-top-section elementor-element elementor-element-aac6bfd elementor-section-boxed elementor-section-height-default elementor-section-height-default\" data-id=\"aac6bfd\" data-element_type=\"section\" data-settings=\"{&quot;_ha_eqh_enable&quot;:false}\">\n\t\t\t\t\t\t<div class=\"elementor-container elementor-column-gap-default\">\n\t\t\t\t\t<div class=\"elementor-column elementor-col-100 elementor-top-column elementor-element elementor-element-86ae7e1\" data-id=\"86ae7e1\" data-element_type=\"column\">\n\t\t\t<div class=\"elementor-widget-wrap elementor-element-populated\">\n\t\t\t\t\t\t<div class=\"elementor-element elementor-element-8d05ad4 elementor-widget elementor-widget-heading\" data-id=\"8d05ad4\" data-element_type=\"widget\" data-widget_type=\"heading.default\">\n\t\t\t\t<div class=\"elementor-widget-container\">\n\t\t\t\t\t<h2 class=\"elementor-heading-title elementor-size-default\">Vagas abertas:<\/h2>\t\t\t\t<\/div>\n\t\t\t\t<\/div>\n\t\t\t\t<div class=\"elementor-element elementor-element-d2050bb elementor-widget elementor-widget-text-editor\" data-id=\"d2050bb\" data-element_type=\"widget\" data-widget_type=\"text-editor.default\">\n\t\t\t\t<div class=\"elementor-widget-container\">\n\t\t\t\t\t\t\t\t\t<p><b>Auxiliar de produ\u00e7\u00e3o<\/b><\/p>\n<p><span style=\"text-decoration: underline;\">Descri\u00e7\u00e3o da vaga:<\/span><\/p>\n<p>Manuseio e pesagem de mat\u00e9ria prima para produ\u00e7\u00e3o de materiais em pl\u00e1stico refor\u00e7ado com fibra de vidro.&nbsp;<\/p>\n<p><span style=\"text-decoration: underline;\">Hor\u00e1rio de trabalho:<\/span><\/p>\n<p>07:30 \u00e0s 17:18, de segunda a sexta feira.<\/p>\n<p><span style=\"text-decoration: underline;\">Benef\u00edcios:<\/span><\/p>\n<p>Vale transporte e refei\u00e7\u00e3o no local.<\/p>\n<p><span style=\"text-decoration: underline;\">Requisitos:<\/span><\/p>\n<p>Ensino Fundamental Completo<\/p>\n<p>Residir pr\u00f3ximo ao bairro Santa Catarina, Joinville, SC.<\/p>\n<p>Envie seu curr\u00edculo para: <span style=\"text-decoration: underline;\">oderci@ipr.ind.b<\/span>r com o assunto Vaga Auxiliar de Produ\u00e7\u00e3o.<\/p>\t\t\t\t\t\t\t\t<\/div>\n\t\t\t\t<\/div>\n\t\t\t\t<div class=\"elementor-element elementor-element-f1a2c14 elementor-widget elementor-widget-text-editor\" data-id=\"f1a2c14\" data-element_type=\"widget\" data-widget_type=\"text-editor.default\">\n\t\t\t\t<div class=\"elementor-widget-container\">\n\t\t\t\t\t\t\t\t\t<p><span style=\"color: var( --e-global-color-text );\"><b>Laminador de Fibra de Vidro<\/b><\/span><\/p>\n<p><span style=\"color: var( --e-global-color-text ); text-decoration-line: underline;\">Descri\u00e7\u00e3o da vaga:<\/span><\/p>\n<p>Operar m\u00e1quina de lamina\u00e7\u00e3o de chapas, regulando e acionando os dispositivos de alimenta\u00e7\u00e3o, controle e comando, realizando ajustes totais das m\u00e1quinas, apontamentos de produ\u00e7\u00e3o e qualidade.<\/p>\n<p><span style=\"text-decoration-line: underline;\">Hor\u00e1rio de trabalho:<\/span><\/p>\n<p>07:30 \u00e0s 17:18, de segunda a sexta feira.<\/p>\n<p><span style=\"text-decoration: underline;\">Benef\u00edcios:<\/span><\/p>\n<p>Sal\u00e1rio de R$2.000,00 + vale transporte e refei\u00e7\u00e3o no local.<\/p>\n<p><span style=\"text-decoration: underline;\">Requisitos:<\/span><\/p>\n<p>Experi\u00eancia comprovada na fun\u00e7\u00e3o.<\/p>\n<p>Residir pr\u00f3ximo ao bairro Santa Catarina, Joinville, SC.<\/p>\n<p>Envie seu curr\u00edculo para:&nbsp;<span style=\"text-decoration-line: underline;\">oderci@ipr.ind.b<\/span>r com o assunto Vaga Laminador de Fibra de vidro<\/p>\t\t\t\t\t\t\t\t<\/div>\n\t\t\t\t<\/div>\n\t\t\t\t<div class=\"elementor-element elementor-element-0f06348 elementor-widget elementor-widget-text-editor\" data-id=\"0f06348\" data-element_type=\"widget\" data-widget_type=\"text-editor.default\">\n\t\t\t\t<div class=\"elementor-widget-container\">\n\t\t\t\t\t\t\t\t\t<p><span style=\"color: var( --e-global-color-text );\"><b>Operador de M\u00e1quina &#8211; cadastro reserva<\/b><\/span><\/p><p><span style=\"text-decoration-line: underline; color: var( --e-global-color-text );\">Descri\u00e7\u00e3o da vaga:<\/span><\/p><p>Operar m\u00e1quinas de prensagem, corte, usinagem e moldagem de pe\u00e7as de pl\u00e1stico refor\u00e7ado com fibra de vidro.\u00a0<\/p><p><span style=\"text-decoration: underline;\">Hor\u00e1rio de trabalho:<\/span><\/p><p>07:30 \u00e0s 17:18, de segunda a sexta feira.<\/p><p><span style=\"text-decoration: underline;\">Benef\u00edcios:<\/span><\/p><p>Vale transporte e refei\u00e7\u00e3o no local.<\/p><p><span style=\"text-decoration: underline;\">Requisitos:<\/span><\/p><p>Ensino Fundamental Completo e conhecimento em desenho t\u00e9cnico e instrumentos de medi\u00e7\u00e3o.<\/p><p>Residir pr\u00f3ximo ao bairro Santa Catarina, Joinville, SC.<\/p><p>Envie seu curr\u00edculo para:\u00a0<span style=\"text-decoration-line: underline;\">oderci@ipr.ind.b<\/span>r com o assunto Vaga Operador de M\u00e1quina.<\/p>\t\t\t\t\t\t\t\t<\/div>\n\t\t\t\t<\/div>\n\t\t\t\t\t<\/div>\n\t\t<\/div>\n\t\t\t\t\t<\/div>\n\t\t<\/section>\n\t\t\t\t<\/div>\n\t\t","protected":false},"excerpt":{"rendered":"<p>Fa\u00e7a parte do time da IPR! Vagas abertas: Auxiliar de produ\u00e7\u00e3o Descri\u00e7\u00e3o da vaga: Manuseio e pesagem de mat\u00e9ria prima para produ\u00e7\u00e3o de materiais em pl\u00e1stico refor\u00e7ado com fibra de vidro.&nbsp; Hor\u00e1rio de trabalho: 07:30 \u00e0s 17:18, de segunda a sexta feira. Benef\u00edcios: Vale transporte e refei\u00e7\u00e3o no local. Requisitos: Ensino Fundamental Completo Residir pr\u00f3ximo ao bairro Santa Catarina, Joinville, SC. Envie seu curr\u00edculo para: oderci@ipr.ind.br com o assunto Vaga Auxiliar de Produ\u00e7\u00e3o. Laminador de Fibra de Vidro Descri\u00e7\u00e3o da vaga: Operar m\u00e1quina de lamina\u00e7\u00e3o de chapas, regulando e acionando os dispositivos de alimenta\u00e7\u00e3o, controle e comando, realizando ajustes totais das m\u00e1quinas, apontamentos de produ\u00e7\u00e3o e qualidade. Hor\u00e1rio de trabalho: 07:30 \u00e0s 17:18, de segunda a sexta feira. Benef\u00edcios: Sal\u00e1rio de R$2.000,00 + vale transporte e refei\u00e7\u00e3o no local. Requisitos: Experi\u00eancia comprovada na fun\u00e7\u00e3o. Residir pr\u00f3ximo ao bairro Santa Catarina, Joinville, SC. Envie seu curr\u00edculo para:&nbsp;oderci@ipr.ind.br com o assunto Vaga Laminador de Fibra de vidro Operador de M\u00e1quina &#8211; cadastro reserva Descri\u00e7\u00e3o da vaga: Operar m\u00e1quinas de prensagem, corte, usinagem e moldagem de pe\u00e7as de pl\u00e1stico refor\u00e7ado com fibra de vidro.\u00a0 Hor\u00e1rio de trabalho: 07:30 \u00e0s 17:18, de segunda a sexta feira. Benef\u00edcios: Vale transporte e refei\u00e7\u00e3o no local. Requisitos: Ensino Fundamental Completo e conhecimento em desenho t\u00e9cnico e instrumentos de medi\u00e7\u00e3o. Residir pr\u00f3ximo ao bairro Santa Catarina, Joinville, SC. Envie seu curr\u00edculo para:\u00a0oderci@ipr.ind.br com o assunto Vaga Operador de M\u00e1quina.<\/p>\n","protected":false},"author":1,"featured_media":0,"parent":0,"menu_order":0,"comment_status":"closed","ping_status":"closed","template":"elementor_canvas","meta":{"footnotes":""},"class_list":["post-1195","page","type-page","status-publish","hentry"],"_links":{"self":[{"href":"https:\/\/ipr.ind.br\/site\/wp-json\/wp\/v2\/pages\/1195","targetHints":{"allow":["GET"]}}],"collection":[{"href":"https:\/\/ipr.ind.br\/site\/wp-json\/wp\/v2\/pages"}],"about":[{"href":"https:\/\/ipr.ind.br\/site\/wp-json\/wp\/v2\/types\/page"}],"author":[{"embeddable":true,"href":"https:\/\/ipr.ind.br\/site\/wp-json\/wp\/v2\/users\/1"}],"replies":[{"embeddable":true,"href":"https:\/\/ipr.ind.br\/site\/wp-json\/wp\/v2\/comments?post=1195"}],"version-history":[{"count":14,"href":"https:\/\/ipr.ind.br\/site\/wp-json\/wp\/v2\/pages\/1195\/revisions"}],"predecessor-version":[{"id":1751,"href":"https:\/\/ipr.ind.br\/site\/wp-json\/wp\/v2\/pages\/1195\/revisions\/1751"}],"wp:attachment":[{"href":"https:\/\/ipr.ind.br\/site\/wp-json\/wp\/v2\/media?parent=1195"}],"curies":[{"name":"wp","href":"https:\/\/api.w.org\/{rel}","templated":true}]}}