{"id":7,"date":"2015-09-24T20:37:22","date_gmt":"2015-09-24T20:37:22","guid":{"rendered":"http:\/\/ipr.ind.br\/site\/?page_id=7"},"modified":"2021-10-08T12:03:59","modified_gmt":"2021-10-08T12:03:59","slug":"empresa","status":"publish","type":"page","link":"https:\/\/ipr.ind.br\/site\/empresa\/","title":{"rendered":"Empresa"},"content":{"rendered":"\t\t<div data-elementor-type=\"wp-page\" data-elementor-id=\"7\" class=\"elementor elementor-7\" data-elementor-settings=\"{&quot;ha_cmc_init_switcher&quot;:&quot;no&quot;}\">\n\t\t\t\t\t\t<section class=\"elementor-section elementor-top-section elementor-element elementor-element-ccd4cdf elementor-section-boxed elementor-section-height-default elementor-section-height-default\" data-id=\"ccd4cdf\" data-element_type=\"section\" data-settings=\"{&quot;background_background&quot;:&quot;gradient&quot;,&quot;shape_divider_bottom&quot;:&quot;opacity-tilt&quot;,&quot;_ha_eqh_enable&quot;:false}\">\n\t\t\t\t\t<div class=\"elementor-shape elementor-shape-bottom\" aria-hidden=\"true\" data-negative=\"false\">\n\t\t\t<svg xmlns=\"http:\/\/www.w3.org\/2000\/svg\" viewBox=\"0 0 2600 131.1\" preserveAspectRatio=\"none\">\n\t<path class=\"elementor-shape-fill\" d=\"M0 0L2600 0 2600 69.1 0 0z\"\/>\n\t<path class=\"elementor-shape-fill\" style=\"opacity:0.5\" d=\"M0 0L2600 0 2600 69.1 0 69.1z\"\/>\n\t<path class=\"elementor-shape-fill\" style=\"opacity:0.25\" d=\"M2600 0L0 0 0 130.1 2600 69.1z\"\/>\n<\/svg>\t\t<\/div>\n\t\t\t\t\t<div class=\"elementor-container elementor-column-gap-default\">\n\t\t\t\t\t<div class=\"elementor-column elementor-col-100 elementor-top-column elementor-element elementor-element-6ce4050\" data-id=\"6ce4050\" data-element_type=\"column\">\n\t\t\t<div class=\"elementor-widget-wrap\">\n\t\t\t\t\t\t\t<\/div>\n\t\t<\/div>\n\t\t\t\t\t<\/div>\n\t\t<\/section>\n\t\t\t\t<section class=\"elementor-section elementor-top-section elementor-element elementor-element-1c36d79 elementor-section-boxed elementor-section-height-default elementor-section-height-default\" data-id=\"1c36d79\" data-element_type=\"section\" data-settings=\"{&quot;_ha_eqh_enable&quot;:false}\">\n\t\t\t\t\t\t<div class=\"elementor-container elementor-column-gap-default\">\n\t\t\t\t\t<div class=\"elementor-column elementor-col-100 elementor-top-column elementor-element elementor-element-2832f5c\" data-id=\"2832f5c\" data-element_type=\"column\">\n\t\t\t<div class=\"elementor-widget-wrap elementor-element-populated\">\n\t\t\t\t\t\t<div class=\"elementor-element elementor-element-6b09c58 elementor-widget elementor-widget-heading\" data-id=\"6b09c58\" data-element_type=\"widget\" data-widget_type=\"heading.default\">\n\t\t\t\t<div class=\"elementor-widget-container\">\n\t\t\t\t\t<h2 class=\"elementor-heading-title elementor-size-default\">Empresa<\/h2>\t\t\t\t<\/div>\n\t\t\t\t<\/div>\n\t\t\t\t\t<\/div>\n\t\t<\/div>\n\t\t\t\t\t<\/div>\n\t\t<\/section>\n\t\t\t\t<section class=\"elementor-section elementor-top-section elementor-element elementor-element-63c9cc4 elementor-section-boxed elementor-section-height-default elementor-section-height-default\" data-id=\"63c9cc4\" data-element_type=\"section\" data-settings=\"{&quot;_ha_eqh_enable&quot;:false}\">\n\t\t\t\t\t\t<div class=\"elementor-container elementor-column-gap-default\">\n\t\t\t\t\t<div class=\"elementor-column elementor-col-100 elementor-top-column elementor-element elementor-element-f726029\" data-id=\"f726029\" data-element_type=\"column\">\n\t\t\t<div class=\"elementor-widget-wrap elementor-element-populated\">\n\t\t\t\t\t\t<div class=\"elementor-element elementor-element-7683dbc elementor-widget elementor-widget-text-editor\" data-id=\"7683dbc\" data-element_type=\"widget\" data-widget_type=\"text-editor.default\">\n\t\t\t\t<div class=\"elementor-widget-container\">\n\t\t\t\t\t\t\t\t\t<p>Somos uma empresa do setor de materiais comp\u00f3sitos em resinas termofixas refor\u00e7adas com fibras de vidro, com o objetivo de apresentar solu\u00e7\u00f5es em projetos do segmento de gera\u00e7\u00e3o e distribui\u00e7\u00e3o de energia, bem como formar uma parceria pr\u00f3-ativa com o melhor custo benef\u00edcio. Atrav\u00e9s dos processos de Moldagem de BMC, Moldagem de Baquelite, Moldagem de SMC, Hand Lay Up, Pultrus\u00e3o e Prensagem de chapas, produzimos: Pe\u00e7as t\u00e9cnicas especiais em resinas poliester e ep\u00f3xi refor\u00e7ados com fibra de vidro moldadas e usinadas, como; Chapas prensadas, placas de G11, suportes isolantes, isoladores, cal\u00e7os de bobinas, perfis pultrudados e componentes isolantes para transformadores, hidrogeradores, pain\u00e9is, quadros el\u00e9tricos, CCMs, entre outros. Entre em contato e saiba mais, temos a solu\u00e7\u00e3o para voc\u00ea.<\/p>\t\t\t\t\t\t\t\t<\/div>\n\t\t\t\t<\/div>\n\t\t\t\t\t<\/div>\n\t\t<\/div>\n\t\t\t\t\t<\/div>\n\t\t<\/section>\n\t\t\t\t<section class=\"elementor-section elementor-top-section elementor-element elementor-element-e27c712 elementor-section-boxed elementor-section-height-default elementor-section-height-default\" data-id=\"e27c712\" data-element_type=\"section\" data-settings=\"{&quot;_ha_eqh_enable&quot;:false}\">\n\t\t\t\t\t\t<div class=\"elementor-container elementor-column-gap-default\">\n\t\t\t\t\t<div class=\"elementor-column elementor-col-100 elementor-top-column elementor-element elementor-element-bdef463\" data-id=\"bdef463\" data-element_type=\"column\">\n\t\t\t<div class=\"elementor-widget-wrap elementor-element-populated\">\n\t\t\t\t\t\t<div class=\"elementor-element elementor-element-6efae26 elementor-widget elementor-widget-heading\" data-id=\"6efae26\" data-element_type=\"widget\" data-widget_type=\"heading.default\">\n\t\t\t\t<div class=\"elementor-widget-container\">\n\t\t\t\t\t<h2 class=\"elementor-heading-title elementor-size-default\">Pol\u00edtica de Qualidade<\/h2>\t\t\t\t<\/div>\n\t\t\t\t<\/div>\n\t\t\t\t\t<\/div>\n\t\t<\/div>\n\t\t\t\t\t<\/div>\n\t\t<\/section>\n\t\t\t\t<section class=\"elementor-section elementor-top-section elementor-element elementor-element-b3b6fa0 elementor-section-boxed elementor-section-height-default elementor-section-height-default\" data-id=\"b3b6fa0\" data-element_type=\"section\" data-settings=\"{&quot;_ha_eqh_enable&quot;:false}\">\n\t\t\t\t\t\t<div class=\"elementor-container elementor-column-gap-default\">\n\t\t\t\t\t<div class=\"elementor-column elementor-col-100 elementor-top-column elementor-element elementor-element-34f6a6b\" data-id=\"34f6a6b\" data-element_type=\"column\">\n\t\t\t<div class=\"elementor-widget-wrap elementor-element-populated\">\n\t\t\t\t\t\t<div class=\"elementor-element elementor-element-f4feace elementor-widget elementor-widget-text-editor\" data-id=\"f4feace\" data-element_type=\"widget\" data-widget_type=\"text-editor.default\">\n\t\t\t\t<div class=\"elementor-widget-container\">\n\t\t\t\t\t\t\t\t\t<p>Atender as necessidades e buscar a satisfa\u00e7\u00e3o dos clientes, atrav\u00e9s de nossos produtos, assegurando a melhoria cont\u00ednua dos processos e dos colaboradores, em harmonia com a comunidade e o meio ambiente.<\/p>\t\t\t\t\t\t\t\t<\/div>\n\t\t\t\t<\/div>\n\t\t\t\t\t<\/div>\n\t\t<\/div>\n\t\t\t\t\t<\/div>\n\t\t<\/section>\n\t\t\t\t<section class=\"elementor-section elementor-top-section elementor-element elementor-element-7b8887f elementor-section-boxed elementor-section-height-default elementor-section-height-default\" data-id=\"7b8887f\" data-element_type=\"section\" data-settings=\"{&quot;_ha_eqh_enable&quot;:false}\">\n\t\t\t\t\t\t<div class=\"elementor-container elementor-column-gap-default\">\n\t\t\t\t\t<div class=\"elementor-column elementor-col-100 elementor-top-column elementor-element elementor-element-8799902\" data-id=\"8799902\" data-element_type=\"column\">\n\t\t\t<div class=\"elementor-widget-wrap elementor-element-populated\">\n\t\t\t\t\t\t<div class=\"elementor-element elementor-element-18165dc elementor-widget elementor-widget-heading\" data-id=\"18165dc\" data-element_type=\"widget\" data-widget_type=\"heading.default\">\n\t\t\t\t<div class=\"elementor-widget-container\">\n\t\t\t\t\t<h2 class=\"elementor-heading-title elementor-size-default\">Miss\u00e3o<\/h2>\t\t\t\t<\/div>\n\t\t\t\t<\/div>\n\t\t\t\t\t<\/div>\n\t\t<\/div>\n\t\t\t\t\t<\/div>\n\t\t<\/section>\n\t\t\t\t<section class=\"elementor-section elementor-top-section elementor-element elementor-element-4dcd6e3 elementor-section-boxed elementor-section-height-default elementor-section-height-default\" data-id=\"4dcd6e3\" data-element_type=\"section\" data-settings=\"{&quot;_ha_eqh_enable&quot;:false}\">\n\t\t\t\t\t\t<div class=\"elementor-container elementor-column-gap-default\">\n\t\t\t\t\t<div class=\"elementor-column elementor-col-100 elementor-top-column elementor-element elementor-element-3c4ac80\" data-id=\"3c4ac80\" data-element_type=\"column\">\n\t\t\t<div class=\"elementor-widget-wrap elementor-element-populated\">\n\t\t\t\t\t\t<div class=\"elementor-element elementor-element-f6e03b0 elementor-widget elementor-widget-text-editor\" data-id=\"f6e03b0\" data-element_type=\"widget\" data-widget_type=\"text-editor.default\">\n\t\t\t\t<div class=\"elementor-widget-container\">\n\t\t\t\t\t\t\t\t\t<p>Oferecer produtos com qualidade proporcionando a satisfa\u00e7\u00e3o aos clientes, fornecedores e colaboradores.<\/p>\t\t\t\t\t\t\t\t<\/div>\n\t\t\t\t<\/div>\n\t\t\t\t\t<\/div>\n\t\t<\/div>\n\t\t\t\t\t<\/div>\n\t\t<\/section>\n\t\t\t\t<section class=\"elementor-section elementor-top-section elementor-element elementor-element-e934577 elementor-section-boxed elementor-section-height-default elementor-section-height-default\" data-id=\"e934577\" data-element_type=\"section\" data-settings=\"{&quot;_ha_eqh_enable&quot;:false}\">\n\t\t\t\t\t\t<div class=\"elementor-container elementor-column-gap-default\">\n\t\t\t\t\t<div class=\"elementor-column elementor-col-100 elementor-top-column elementor-element elementor-element-8c2ba25\" data-id=\"8c2ba25\" data-element_type=\"column\">\n\t\t\t<div class=\"elementor-widget-wrap elementor-element-populated\">\n\t\t\t\t\t\t<div class=\"elementor-element elementor-element-851b55c elementor-widget elementor-widget-heading\" data-id=\"851b55c\" data-element_type=\"widget\" data-widget_type=\"heading.default\">\n\t\t\t\t<div class=\"elementor-widget-container\">\n\t\t\t\t\t<h2 class=\"elementor-heading-title elementor-size-default\">Vis\u00e3o<\/h2>\t\t\t\t<\/div>\n\t\t\t\t<\/div>\n\t\t\t\t\t<\/div>\n\t\t<\/div>\n\t\t\t\t\t<\/div>\n\t\t<\/section>\n\t\t\t\t<section class=\"elementor-section elementor-top-section elementor-element elementor-element-f2fd0d6 elementor-section-boxed elementor-section-height-default elementor-section-height-default\" data-id=\"f2fd0d6\" data-element_type=\"section\" data-settings=\"{&quot;_ha_eqh_enable&quot;:false}\">\n\t\t\t\t\t\t<div class=\"elementor-container elementor-column-gap-default\">\n\t\t\t\t\t<div class=\"elementor-column elementor-col-100 elementor-top-column elementor-element elementor-element-252d39c\" data-id=\"252d39c\" data-element_type=\"column\">\n\t\t\t<div class=\"elementor-widget-wrap elementor-element-populated\">\n\t\t\t\t\t\t<div class=\"elementor-element elementor-element-7285674 elementor-widget elementor-widget-text-editor\" data-id=\"7285674\" data-element_type=\"widget\" data-widget_type=\"text-editor.default\">\n\t\t\t\t<div class=\"elementor-widget-container\">\n\t\t\t\t\t\t\t\t\t<p>Ser uma empresa refer\u00eancia no ramo de fabrica\u00e7\u00e3o de produtos refor\u00e7ados com fibra de vidro.<\/p>\t\t\t\t\t\t\t\t<\/div>\n\t\t\t\t<\/div>\n\t\t\t\t\t<\/div>\n\t\t<\/div>\n\t\t\t\t\t<\/div>\n\t\t<\/section>\n\t\t\t\t<section class=\"elementor-section elementor-top-section elementor-element elementor-element-a8920f7 elementor-section-boxed elementor-section-height-default elementor-section-height-default\" data-id=\"a8920f7\" data-element_type=\"section\" data-settings=\"{&quot;_ha_eqh_enable&quot;:false}\">\n\t\t\t\t\t\t<div class=\"elementor-container elementor-column-gap-default\">\n\t\t\t\t\t<div class=\"elementor-column elementor-col-100 elementor-top-column elementor-element elementor-element-9e42054\" data-id=\"9e42054\" data-element_type=\"column\">\n\t\t\t<div class=\"elementor-widget-wrap elementor-element-populated\">\n\t\t\t\t\t\t<div class=\"elementor-element elementor-element-dc15c9d elementor-widget elementor-widget-heading\" data-id=\"dc15c9d\" data-element_type=\"widget\" data-widget_type=\"heading.default\">\n\t\t\t\t<div class=\"elementor-widget-container\">\n\t\t\t\t\t<h2 class=\"elementor-heading-title elementor-size-default\">Valores<\/h2>\t\t\t\t<\/div>\n\t\t\t\t<\/div>\n\t\t\t\t\t<\/div>\n\t\t<\/div>\n\t\t\t\t\t<\/div>\n\t\t<\/section>\n\t\t\t\t<section class=\"elementor-section elementor-top-section elementor-element elementor-element-a0319e8 elementor-section-boxed elementor-section-height-default elementor-section-height-default\" data-id=\"a0319e8\" data-element_type=\"section\" data-settings=\"{&quot;_ha_eqh_enable&quot;:false}\">\n\t\t\t\t\t\t<div class=\"elementor-container elementor-column-gap-default\">\n\t\t\t\t\t<div class=\"elementor-column elementor-col-100 elementor-top-column elementor-element elementor-element-9ae6a75\" data-id=\"9ae6a75\" data-element_type=\"column\">\n\t\t\t<div class=\"elementor-widget-wrap elementor-element-populated\">\n\t\t\t\t\t\t<div class=\"elementor-element elementor-element-9cf3bd4 elementor-widget elementor-widget-text-editor\" data-id=\"9cf3bd4\" data-element_type=\"widget\" data-widget_type=\"text-editor.default\">\n\t\t\t\t<div class=\"elementor-widget-container\">\n\t\t\t\t\t\t\t\t\t<ul><li>\u00c9tica e honestidade<\/li><li>Transpar\u00eancia<\/li><li>Respeito \u00e0s pessoas e ao meio ambiente<\/li><li>Qualidade e comprometimento<\/li><\/ul>\t\t\t\t\t\t\t\t<\/div>\n\t\t\t\t<\/div>\n\t\t\t\t\t<\/div>\n\t\t<\/div>\n\t\t\t\t\t<\/div>\n\t\t<\/section>\n\t\t\t\t<\/div>\n\t\t","protected":false},"excerpt":{"rendered":"<p>Empresa Somos uma empresa do setor de materiais comp\u00f3sitos em resinas termofixas refor\u00e7adas com fibras de vidro, com o objetivo de apresentar solu\u00e7\u00f5es em projetos do segmento de gera\u00e7\u00e3o e distribui\u00e7\u00e3o de energia, bem como formar uma parceria pr\u00f3-ativa com o melhor custo benef\u00edcio. Atrav\u00e9s dos processos de Moldagem de BMC, Moldagem de Baquelite, Moldagem de SMC, Hand Lay Up, Pultrus\u00e3o e Prensagem de chapas, produzimos: Pe\u00e7as t\u00e9cnicas especiais em resinas poliester e ep\u00f3xi refor\u00e7ados com fibra de vidro moldadas e usinadas, como; Chapas prensadas, placas de G11, suportes isolantes, isoladores, cal\u00e7os de bobinas, perfis pultrudados e componentes isolantes para transformadores, hidrogeradores, pain\u00e9is, quadros el\u00e9tricos, CCMs, entre outros. Entre em contato e saiba mais, temos a solu\u00e7\u00e3o para voc\u00ea. Pol\u00edtica de Qualidade Atender as necessidades e buscar a satisfa\u00e7\u00e3o dos clientes, atrav\u00e9s de nossos produtos, assegurando a melhoria cont\u00ednua dos processos e dos colaboradores, em harmonia com a comunidade e o meio ambiente. Miss\u00e3o Oferecer produtos com qualidade proporcionando a satisfa\u00e7\u00e3o aos clientes, fornecedores e colaboradores. Vis\u00e3o Ser uma empresa refer\u00eancia no ramo de fabrica\u00e7\u00e3o de produtos refor\u00e7ados com fibra de vidro. Valores \u00c9tica e honestidade Transpar\u00eancia Respeito \u00e0s pessoas e ao meio ambiente Qualidade e comprometimento<\/p>\n","protected":false},"author":1,"featured_media":0,"parent":0,"menu_order":0,"comment_status":"closed","ping_status":"closed","template":"elementor_canvas","meta":{"footnotes":""},"class_list":["post-7","page","type-page","status-publish","hentry"],"_links":{"self":[{"href":"https:\/\/ipr.ind.br\/site\/wp-json\/wp\/v2\/pages\/7","targetHints":{"allow":["GET"]}}],"collection":[{"href":"https:\/\/ipr.ind.br\/site\/wp-json\/wp\/v2\/pages"}],"about":[{"href":"https:\/\/ipr.ind.br\/site\/wp-json\/wp\/v2\/types\/page"}],"author":[{"embeddable":true,"href":"https:\/\/ipr.ind.br\/site\/wp-json\/wp\/v2\/users\/1"}],"replies":[{"embeddable":true,"href":"https:\/\/ipr.ind.br\/site\/wp-json\/wp\/v2\/comments?post=7"}],"version-history":[{"count":26,"href":"https:\/\/ipr.ind.br\/site\/wp-json\/wp\/v2\/pages\/7\/revisions"}],"predecessor-version":[{"id":949,"href":"https:\/\/ipr.ind.br\/site\/wp-json\/wp\/v2\/pages\/7\/revisions\/949"}],"wp:attachment":[{"href":"https:\/\/ipr.ind.br\/site\/wp-json\/wp\/v2\/media?parent=7"}],"curies":[{"name":"wp","href":"https:\/\/api.w.org\/{rel}","templated":true}]}}